{"id":169,"date":"2015-10-10T18:50:16","date_gmt":"2015-10-10T18:50:16","guid":{"rendered":"http:\/\/maru-labs.com\/?page_id=169"},"modified":"2021-08-13T01:07:58","modified_gmt":"2021-08-13T01:07:58","slug":"doku_webseitearbeiten","status":"publish","type":"page","link":"https:\/\/maru-labs.com\/en\/doku_webseitearbeiten\/","title":{"rendered":"ABOUT"},"content":{"rendered":"<section class=\"l-section wpb_row height_medium\"><div class=\"l-section-h i-cf\"><div class=\"g-cols via_grid cols_1 laptops-cols_inherit tablets-cols_inherit mobiles-cols_1 valign_top type_default\"><div class=\"wpb_column vc_column_container\"><div class=\"vc_column-inner\"><div class=\"wpb_text_column\"><div class=\"wpb_wrapper\"><ul>\n<li>24.10.2015\u00a0\u00a0 Erste Textentw\u00fcrfe f\u00fcr die Rubrik &#8220;lab&#8221;<\/li>\n<li>30.10.2015\u00a0\u00a0 Hauptseite f\u00fcr Mobildevices (Smartphone und Tablet) optimiert<\/li>\n<li>30.10.2015\u00a0\u00a0 erste Textentw\u00fcrde f\u00fcr die Rubrik &#8220;das team&#8221;<\/li>\n<li>04.11.2015 \u00a0 &#8220;TUTORIALS&#8221; angefangen, mir fehlen fotos&#8230;<\/li>\n<li>05.11.2015\u00a0\u00a0 Facebookaccount gemacht und den lustigen Button oben Links zum leben erweckt&#8230;<\/li>\n<li>19.11.2015 ENDLICH ist die Spiegelreflex gekommen. jetzt kann ich Fotos f\u00fcr die Tutorial-rublik machen! heut abend kommt das erste Tutorial f\u00fcr die Selbstbest\u00fccker \ud83d\ude42<\/li>\n<li>24.11.2015 die Startseite wird zum &#8220;onepager&#8221; umgebaut. die Tutorials kommen auf eine Seperate Seite.<\/li>\n<li>15,10,2016 jetzt wird die seite richtig aufgebohrt, da wir nun mehr als nur 1 produkt haben.<\/li>\n<\/ul>\n<\/div><\/div><div class=\"wpb_text_column\"><div class=\"wpb_wrapper\"><h3><strong>Was bedeutet Lab?<\/strong><\/h3>\n<p>&#8220;Lab&#8221; ist ist die Kurzform von Labor. Im Englischen werden die Entwicklungsabteilungen allgemein als &#8220;labs&#8221; bezeichnet.<\/p>\n<h3><strong> Aber warum Labor, Ihr macht doch was mit Motorr\u00e4dern???<\/strong><\/h3>\n<p>Ja, das Stimmt.\u00a0Ich habe meine BMW K75s umgebaut und der Richard hat seine BMW K100 RT umgebaut. Aber auch davor haben wir schon immer alles m\u00f6gliche gebastelt und geschraubt. In G\u00f6rlitz, wo wir beide herkommen, haben Richards Eltern eine Schreinerei und falls es dort nicht das passende Werkzeug oder die passende Maschine gab, fand sich schnell ein Betrieb, in dem wir f\u00fcr 20\u20ac in die Kaffeetasse mal was schweissen konnten oder der uns schnell was gedreht hat. Erst in der Schweiz mussten wir feststellen, dass das hier eher un\u00fcblich ist. Deswegen haben wir uns nach und nach &#8220;zugestellt&#8221; mit Maschinen und Werkzeug. Bis Dato hatten wir nur eine einzelgarage zur verf\u00fcgung, welche weder Wasser oder Abwasser, noch Heizung besass.<\/p>\n<h3><strong>Wie sehen eure neuen R\u00e4umlichkeiten aus?<\/strong><\/h3>\n<p>Durch unseren Dozenten in Anlagenmanagment und Produktionstechnik haben wir einen sehr grossen raum zu einem sehr g\u00fcnstigen Preis mieten k\u00f6nnen. Unser Lab befindet sich im Erdgeschoss der Druckerei Augustin in Thayngen\/Schweiz. Es ist 110qm gross, verf\u00fcgt \u00fcber 2 Deckenkr\u00e4ne, wasser, abwasser, druckluft, Internet, heizung und reichlich fensterfl\u00e4che! Ab den 1. Dezember 2015 haben wir zugang zum Raum. Durch die gr\u00f6sse werden wir den platz haben, um eine Lackierkabine aufzustellen, um einen Sandstrahlplatz und Schleifplatz aufzustellen, um einen Pulverplatz und Pulverofen aufzustellen und nat\u00fcrlich das bisher angeh\u00e4ufte Equipment wie 2 Hebeb\u00fchnen, 3D-Drucker, CNC-Portalfr\u00e4se, Elektronikmess- und arbeitsplatz mit Best\u00fcckungsmikroskop und und und unterzubringen.<\/p>\n<h3><strong>Das t\u00f6nt etwas viel f\u00fcr nur Hobby<\/strong><\/h3>\n<p>Marulabs wird noch dieses Jahr als Verein eingetragen werden. Unser Ziel ist es, dass andere bastler zu uns kommen k\u00f6nnen, um etwas zu schweissen oder um CNC-teile fr\u00e4sen zu lassen, oder um elektronische Probleme zu l\u00f6sen, um etwas pulvern zu lassen oder zum lackieren ect.<\/p>\n<p>marulabs soll ein ort werden, an dem sich bastler und kreative geister treffen k\u00f6nnen.\u00a0Bei uns soll jeder seine Ideen umsetzen k\u00f6nnen ohne tief in den Geldbeutel greifen zu m\u00fcssen.<\/p>\n<p>Denn die Maschinen stehen eh da, wir sind sowieso die gr\u00f6sste zeit \u00a0dort. Wir entwickeln und forschen so gern, dass wir das sogar nach der Arbeitszeit weiter machen\u00a0und soein Lab ist die Erf\u00fcllung eines Lebenstraums. Wenn sich das\u00a0durch ein oder 2 Lackierungen im monat selbst tr\u00e4gt, bin ich der gl\u00fccklichste Mensch der Welt, das k\u00f6nnt ihr mir glauben!<\/p>\n<h3><strong>Ein Verein? Muss ich Mitglied werden, um bei euch was machen zu k\u00f6nnen oder machen zu lassen?<\/strong><\/h3>\n<p>nein, musst du nicht! Ein Verein deswegen, weil man als verein bis zu einer gewissen Summe Mehrwertssteuerbefreit ist. Das erleichtert mir die Buchhaltung und f\u00fcr euch wirds nochmal ein st\u00fcck billiger.<\/p>\n<h3><strong>\u00a0Kann ich auch aus Deutschland oder \u00d6stereich bei euch etwas machen lassen?<\/strong><\/h3>\n<p>Aber selbstverst\u00e4ndlich! Als Deutsche zahlt ihr einfach die Deutsche Mehrwertssteuer (diese f\u00e4llt an, wenn wir die sachen nach Deutschland fahren zum verschicken). Schweizer Kunden und Selbstabholer bekommen die Sachen Mehrwertssteuerfrei. Bei der ausfuhr aus der Schweiz (privater Reiseverkehr) sind waren bis 300CHF ebenso Mehrwertssteuerfrei.<\/p>\n<\/div><\/div><\/div><\/div><\/div><\/div><\/section><section class=\"l-section wpb_row height_medium\"><div class=\"l-section-h i-cf\"><div class=\"g-cols via_grid cols_1 laptops-cols_inherit tablets-cols_inherit mobiles-cols_1 valign_top type_default\"><div class=\"wpb_column vc_column_container\"><div class=\"vc_column-inner\"><div class=\"ult-ih-container ult-adjust-bottom-margin  \" >\t<ul class=\"ult-ih-list \"  data-shape=\"circle\"  data-width=\"250\"  data-height=\"250\"  style=\"text-align:center; \"><li id=\"ult-ih-list-item-3435\" class=\"ult-ih-list-item\" style=\"height: 250px; width: 250px;  margin: 15px\"><div style=\"height: 250px; width: 250px; \" class=\"ult-ih-item ult-ih-effect18  ult-ih-right_to_left   \"><div class=\"ult-ih-image-block\" style=\"height: 250px; width: 250px; \">\t<div class=\"ult-ih-wrapper\" style=\"\"><\/div>\t<img class=\"ult-ih-image\" src=\"https:\/\/maru-labs.com\/wp-content\/uploads\/2015\/10\/team_maru.png\" alt=\"image\"><\/div><div class=\"ult-ih-info\" >\t<div class=\"ult-ih-info-back\" style=\"background-color: rgba(0,0,0,0.75); \">\t<div class=\"ult-ih-content\">\t\t\t<div class=\"ult-ih-heading-block\" style=\"\">\t\t\t\t<h3 class=\"ult-ih-heading ult-responsive\" style=\"color:#ffffff;\"  data-ultimate-target='#ult-ih-list-item-3435 .ult-ih-heading'  data-responsive-json-new='{\"font-size\":\"desktop:22px;\",\"line-height\":\"desktop:28px;\"}' >Maru + Emmi Lee<\/h3>\t\t\t<\/div>\t\t\t<div class=\"ult-ih-divider-block\" style=\"height:1px;\">\t\t\t\t<span class=\"ult-ih-line\" style=\"border-style:solid;border-color:rgba(255,255,255,0.75);width:100px;border-width:1px;\"><\/span>\t\t\t<\/div>\t\t\t<div class=\"ult-ih-description-block\" style=\"\">\t\t\t\t<div class=\"ult-ih-description ult-responsive\" style=\"color:#bbbbbb;\"  data-ultimate-target='#ult-ih-list-item-3435 .ult-ih-description, #ult-ih-list-item-3435 .ult-ih-description p'  data-responsive-json-new='{\"font-size\":\"desktop:12px;\",\"line-height\":\"desktop:18px;\"}' ><p>test test test test\u00a0test test\u00a0test test\u00a0test test\u00a0test test\u00a0test test\u00a0test test\u00a0test test\u00a0test test\u00a0test test\u00a0test test\u00a0test test\u00a0test test\u00a0test test\u00a0test test<\/p>\n\t\t\t\t<\/div>\t\t\t<\/div>\t<\/div>\t<\/div><\/div><\/div><\/li>\t<\/ul><\/div><\/div><\/div><\/div><\/div><\/section><section class=\"l-section wpb_row height_medium\"><div class=\"l-section-h i-cf\"><div class=\"g-cols via_grid cols_1 laptops-cols_inherit tablets-cols_inherit mobiles-cols_1 valign_top type_default\"><div class=\"wpb_column vc_column_container\"><div class=\"vc_column-inner\"><div class=\"wpb_text_column\"><div class=\"wpb_wrapper\"><div role=\"form\" class=\"wpcf7\" id=\"wpcf7-f743-o1\" lang=\"de-DE\" dir=\"ltr\">\n<div class=\"screen-reader-response\"><p role=\"status\" aria-live=\"polite\" aria-atomic=\"true\"><\/p> <ul><\/ul><\/div>\n<form action=\"\/en\/wp-json\/wp\/v2\/pages\/169#wpcf7-f743-o1\" method=\"post\" class=\"wpcf7-form init\" novalidate=\"novalidate\" data-status=\"init\">\n<div style=\"display: none;\">\n<input type=\"hidden\" name=\"_wpcf7\" value=\"743\" \/>\n<input type=\"hidden\" name=\"_wpcf7_version\" value=\"5.4.2\" \/>\n<input type=\"hidden\" name=\"_wpcf7_locale\" value=\"de_DE\" \/>\n<input type=\"hidden\" name=\"_wpcf7_unit_tag\" value=\"wpcf7-f743-o1\" \/>\n<input type=\"hidden\" name=\"_wpcf7_container_post\" value=\"0\" \/>\n<input type=\"hidden\" name=\"_wpcf7_posted_data_hash\" value=\"\" \/>\n<\/div>\n<p>Deine E-Mail-Adresse<br \/>\n    <span class=\"wpcf7-form-control-wrap your-email\"><input type=\"email\" name=\"your-email\" value=\"\" size=\"40\" class=\"wpcf7-form-control wpcf7-text wpcf7-email wpcf7-validates-as-required wpcf7-validates-as-email\" aria-required=\"true\" aria-invalid=\"false\" \/><\/span> <\/p>\n<p>Dein Name<br \/>\n    <span class=\"wpcf7-form-control-wrap your-name\"><input type=\"text\" name=\"your-name\" value=\"\" size=\"40\" class=\"wpcf7-form-control wpcf7-text wpcf7-validates-as-required\" aria-required=\"true\" aria-invalid=\"false\" \/><\/span> <\/p>\n<p>Strasse und Hausnummer<br \/>\n<span class=\"wpcf7-form-control-wrap StrasseundHausnummer\"><input type=\"text\" name=\"StrasseundHausnummer\" value=\"\" size=\"40\" class=\"wpcf7-form-control wpcf7-text wpcf7-validates-as-required\" aria-required=\"true\" aria-invalid=\"false\" \/><\/span><\/p>\n<p>Postleitzahl und Stadt<br \/>\n<span class=\"wpcf7-form-control-wrap PostleitzahlundStadt\"><input type=\"text\" name=\"PostleitzahlundStadt\" value=\"\" size=\"40\" class=\"wpcf7-form-control wpcf7-text wpcf7-validates-as-required\" aria-required=\"true\" aria-invalid=\"false\" \/><\/span><\/p>\n<p>Land<br \/>\n<span class=\"wpcf7-form-control-wrap Land\"><input type=\"text\" name=\"Land\" value=\"\" size=\"40\" class=\"wpcf7-form-control wpcf7-text wpcf7-validates-as-required\" aria-required=\"true\" aria-invalid=\"false\" \/><\/span><\/p>\n<p>Nachricht<br \/>\n<span class=\"wpcf7-form-control-wrap Bemerkung\"><textarea name=\"Bemerkung\" cols=\"40\" rows=\"10\" class=\"wpcf7-form-control wpcf7-textarea\" aria-invalid=\"false\"><\/textarea><\/span><\/p>\n<p><input type=\"submit\" value=\"Senden\" class=\"wpcf7-form-control wpcf7-submit\" \/><\/p>\n<div class=\"wpcf7-response-output\" aria-hidden=\"true\"><\/div><\/form><\/div>\n<\/div><\/div><\/div><\/div><\/div><\/div><\/section><section class=\"l-section wpb_row height_medium\"><div class=\"l-section-h i-cf\"><div class=\"g-cols via_grid cols_1 laptops-cols_inherit tablets-cols_inherit mobiles-cols_1 valign_top type_default\"><div class=\"wpb_column vc_column_container\"><div class=\"vc_column-inner\"><\/div><\/div><\/div><\/div><\/section>\n","protected":false},"excerpt":{"rendered":"24.10.2015\u00a0\u00a0 Erste Textentw\u00fcrfe f\u00fcr die Rubrik &#8220;lab&#8221; 30.10.2015\u00a0\u00a0 Hauptseite f\u00fcr Mobildevices (Smartphone und Tablet) optimiert 30.10.2015\u00a0\u00a0 erste Textentw\u00fcrde f\u00fcr die Rubrik &#8220;das team&#8221; 04.11.2015 \u00a0 &#8220;TUTORIALS&#8221; angefangen, mir fehlen fotos&#8230; 05.11.2015\u00a0\u00a0 Facebookaccount gemacht und den lustigen Button oben Links zum leben erweckt&#8230; 19.11.2015 ENDLICH ist die Spiegelreflex gekommen. jetzt kann ich Fotos f\u00fcr die Tutorial-rublik...","protected":false},"author":1,"featured_media":0,"parent":0,"menu_order":0,"comment_status":"closed","ping_status":"closed","template":"","meta":[],"_links":{"self":[{"href":"https:\/\/maru-labs.com\/en\/wp-json\/wp\/v2\/pages\/169"}],"collection":[{"href":"https:\/\/maru-labs.com\/en\/wp-json\/wp\/v2\/pages"}],"about":[{"href":"https:\/\/maru-labs.com\/en\/wp-json\/wp\/v2\/types\/page"}],"author":[{"embeddable":true,"href":"https:\/\/maru-labs.com\/en\/wp-json\/wp\/v2\/users\/1"}],"replies":[{"embeddable":true,"href":"https:\/\/maru-labs.com\/en\/wp-json\/wp\/v2\/comments?post=169"}],"version-history":[{"count":11,"href":"https:\/\/maru-labs.com\/en\/wp-json\/wp\/v2\/pages\/169\/revisions"}],"predecessor-version":[{"id":1410,"href":"https:\/\/maru-labs.com\/en\/wp-json\/wp\/v2\/pages\/169\/revisions\/1410"}],"wp:attachment":[{"href":"https:\/\/maru-labs.com\/en\/wp-json\/wp\/v2\/media?parent=169"}],"curies":[{"name":"wp","href":"https:\/\/api.w.org\/{rel}","templated":true}]}}