{"id":115,"date":"2015-10-06T19:06:50","date_gmt":"2015-10-06T19:06:50","guid":{"rendered":"http:\/\/maru-labs.com\/?page_id=115"},"modified":"2021-08-13T01:07:58","modified_gmt":"2021-08-13T01:07:58","slug":"maru-labs-2","status":"publish","type":"page","link":"https:\/\/maru-labs.com\/en\/maru-labs-2\/","title":{"rendered":"DOWNLOADS"},"content":{"rendered":"<section class=\"l-section wpb_row height_medium\"><div class=\"l-section-h i-cf\"><div class=\"g-cols via_grid cols_1 laptops-cols_inherit tablets-cols_inherit mobiles-cols_1 valign_top type_default\"><div class=\"wpb_column vc_column_container\"><div class=\"vc_column-inner\"><div class=\"wpb_text_column\"><div class=\"wpb_wrapper\"><\/div><\/div><\/div><\/div><\/div><\/div><\/section><section class=\"l-section wpb_row height_auto\"><div class=\"l-section-h i-cf\"><div class=\"g-cols via_grid cols_2 laptops-cols_inherit tablets-cols_inherit mobiles-cols_1 valign_top type_default\"><div class=\"wpb_column vc_column_container\"><div class=\"vc_column-inner\"><div class=\"w-separator size_custom\" style=\"height:14px\"><\/div><div class=\"wpb_text_column\"><div class=\"wpb_wrapper\"><p style=\"text-align: right\">Die Betriebsanleitung der BEP3.0 findet Ihr hier:<\/p>\n<\/div><\/div><\/div><\/div><div class=\"wpb_column vc_column_container\"><div class=\"vc_column-inner\"><div class=\"w-btn-wrapper align_none\"><a class=\"w-btn us-btn-style_1 us_custom_db441812\" href=\"http:\/\/maru-labs.com\/wp-content\/uploads\/2016\/11\/BEP3_Anleitung_GERMAN.pdf\"><span class=\"w-btn-label\">DOWNLOAD<\/span><\/a><\/div><\/div><\/div><\/div><\/div><\/section><section class=\"l-section wpb_row height_auto\"><div class=\"l-section-h i-cf\"><div class=\"g-cols via_grid cols_2 laptops-cols_inherit tablets-cols_inherit mobiles-cols_1 valign_top type_default\"><div class=\"wpb_column vc_column_container\"><div class=\"vc_column-inner\"><div class=\"w-separator size_custom\" style=\"height:14px\"><\/div><div class=\"wpb_text_column\"><div class=\"wpb_wrapper\"><p style=\"text-align: right\">Die genauen Abmessungen der BEP3.0 findet Ihr hier:<\/p>\n<\/div><\/div><\/div><\/div><div class=\"wpb_column vc_column_container\"><div class=\"vc_column-inner\"><div class=\"w-btn-wrapper align_none\"><a class=\"w-btn us-btn-style_1 us_custom_db441812\" href=\"http:\/\/maru-labs.com\/wp-content\/uploads\/2016\/10\/BEP3.0_ABMESSUNGEN_DEU.pdf\"><span class=\"w-btn-label\">DOWNLOAD<\/span><\/a><\/div><\/div><\/div><\/div><\/div><\/section><section class=\"l-section wpb_row height_auto\"><div class=\"l-section-h i-cf\"><div class=\"g-cols via_grid cols_2 laptops-cols_inherit tablets-cols_inherit mobiles-cols_1 valign_top type_default\"><div class=\"wpb_column vc_column_container\"><div class=\"vc_column-inner\"><div class=\"w-separator size_custom\" style=\"height:14px\"><\/div><div class=\"wpb_text_column\"><div class=\"wpb_wrapper\"><p style=\"text-align: right\">Den Anschlussplan der BEP3.0 findet Ihr hier:<\/p>\n<\/div><\/div><\/div><\/div><div class=\"wpb_column vc_column_container\"><div class=\"vc_column-inner\"><div class=\"w-btn-wrapper align_none\"><a class=\"w-btn us-btn-style_1 us_custom_db441812\" href=\"http:\/\/maru-labs.com\/wp-content\/uploads\/2016\/10\/BEP3.0_ANSCHLUSSPLAN_DEU.pdf\"><span class=\"w-btn-label\">DOWNLOAD<\/span><\/a><\/div><\/div><\/div><\/div><\/div><\/section><section class=\"l-section wpb_row height_auto\"><div class=\"l-section-h i-cf\"><div class=\"g-cols via_grid cols_2 laptops-cols_inherit tablets-cols_inherit mobiles-cols_1 valign_top type_default\"><div class=\"wpb_column vc_column_container\"><div class=\"vc_column-inner\"><div class=\"w-separator size_custom\" style=\"height:14px\"><\/div><div class=\"wpb_text_column\"><div class=\"wpb_wrapper\"><p style=\"text-align: right\">Anpassung (verlangsamung) der Blinkfrequenz:<\/p>\n<\/div><\/div><\/div><\/div><div class=\"wpb_column vc_column_container\"><div class=\"vc_column-inner\"><div class=\"w-btn-wrapper align_none\"><a class=\"w-btn us-btn-style_1 us_custom_db441812\" href=\"http:\/\/maru-labs.com\/wp-content\/uploads\/2017\/02\/Blinkfrequenz_verlangsamen.pdf\"><span class=\"w-btn-label\">DOWNLOAD<\/span><\/a><\/div><\/div><\/div><\/div><\/div><\/section><section class=\"l-section wpb_row height_medium\"><div class=\"l-section-h i-cf\"><div class=\"g-cols via_grid cols_1 laptops-cols_inherit tablets-cols_inherit mobiles-cols_1 valign_top type_default\"><div class=\"wpb_column vc_column_container\"><div class=\"vc_column-inner\"><div class=\"wpb_text_column\"><div class=\"wpb_wrapper\"><\/div><\/div><\/div><\/div><\/div><\/div><\/section><section class=\"l-section wpb_row height_auto\"><div class=\"l-section-h i-cf\"><div class=\"g-cols via_grid cols_2 laptops-cols_inherit tablets-cols_inherit mobiles-cols_1 valign_top type_default\"><div class=\"wpb_column vc_column_container\"><div class=\"vc_column-inner\"><div class=\"w-separator size_custom\" style=\"height:14px\"><\/div><div class=\"wpb_text_column\"><div class=\"wpb_wrapper\"><p style=\"text-align: right\">Anschlussplan f\u00fcr T&amp;T 10036500<\/p>\n<\/div><\/div><\/div><\/div><div class=\"wpb_column vc_column_container\"><div class=\"vc_column-inner\"><div class=\"w-btn-wrapper align_none\"><a class=\"w-btn us-btn-style_1 us_custom_db441812\" href=\"http:\/\/maru-labs.com\/wp-content\/uploads\/2016\/11\/TuT_10036500_Anschlussplan.pdf\"><span class=\"w-btn-label\">DOWNLOAD<\/span><\/a><\/div><\/div><\/div><\/div><\/div><\/section><section class=\"l-section wpb_row height_auto\"><div class=\"l-section-h i-cf\"><div class=\"g-cols via_grid cols_2 laptops-cols_inherit tablets-cols_inherit mobiles-cols_1 valign_top type_default\"><div class=\"wpb_column vc_column_container\"><div class=\"vc_column-inner\"><div class=\"w-separator size_custom\" style=\"height:14px\"><\/div><div class=\"wpb_text_column\"><div class=\"wpb_wrapper\"><p style=\"text-align: right\">Anschlussplan f\u00fcr T&amp;T 10034806<\/p>\n<\/div><\/div><\/div><\/div><div class=\"wpb_column vc_column_container\"><div class=\"vc_column-inner\"><div class=\"w-btn-wrapper align_none\"><a class=\"w-btn us-btn-style_1 us_custom_db441812\" href=\"http:\/\/maru-labs.com\/wp-content\/uploads\/2016\/11\/TuT_10034806_Anschlussplan.pdf\"><span class=\"w-btn-label\">DOWNLOAD<\/span><\/a><\/div><\/div><\/div><\/div><\/div><\/section><section class=\"l-section wpb_row height_auto\"><div class=\"l-section-h i-cf\"><div class=\"g-cols via_grid cols_2 laptops-cols_inherit tablets-cols_inherit mobiles-cols_1 valign_top type_default\"><div class=\"wpb_column vc_column_container\"><div class=\"vc_column-inner\"><div class=\"w-separator size_custom\" style=\"height:14px\"><\/div><div class=\"wpb_text_column\"><div class=\"wpb_wrapper\"><p style=\"text-align: right\">Anschlussplan f\u00fcr T&amp;T 10034907<\/p>\n<\/div><\/div><\/div><\/div><div class=\"wpb_column vc_column_container\"><div class=\"vc_column-inner\"><div class=\"w-btn-wrapper align_none\"><a class=\"w-btn us-btn-style_1 us_custom_db441812\" href=\"http:\/\/maru-labs.com\/wp-content\/uploads\/2016\/11\/TuT_10034907_Anschlussplan.pdf\"><span class=\"w-btn-label\">DOWNLOAD<\/span><\/a><\/div><\/div><\/div><\/div><\/div><\/section><section class=\"l-section wpb_row height_auto\"><div class=\"l-section-h i-cf\"><div class=\"g-cols via_grid cols_2 laptops-cols_inherit tablets-cols_inherit mobiles-cols_1 valign_top type_default\"><div class=\"wpb_column vc_column_container\"><div class=\"vc_column-inner\"><div class=\"w-separator size_custom\" style=\"height:14px\"><\/div><div class=\"wpb_text_column\"><div class=\"wpb_wrapper\"><p style=\"text-align: right\">Anschlussplan f\u00fcr\u00a0ACE-4X53H-XX Version: A<\/p>\n<\/div><\/div><\/div><\/div><div class=\"wpb_column vc_column_container\"><div class=\"vc_column-inner\"><div class=\"w-btn-wrapper align_none\"><a class=\"w-btn us-btn-style_1 us_custom_db441812\" href=\"http:\/\/maru-labs.com\/wp-content\/uploads\/2016\/11\/ACE_4X53H-XX_Vers_A_Anschlussplan.pdf\"><span class=\"w-btn-label\">DOWNLOAD<\/span><\/a><\/div><\/div><\/div><\/div><\/div><\/section><section class=\"l-section wpb_row height_auto\"><div class=\"l-section-h i-cf\"><div class=\"g-cols via_grid cols_2 laptops-cols_inherit tablets-cols_inherit mobiles-cols_1 valign_top type_default\"><div class=\"wpb_column vc_column_container\"><div class=\"vc_column-inner\"><div class=\"w-separator size_custom\" style=\"height:14px\"><\/div><div class=\"wpb_text_column\"><div class=\"wpb_wrapper\"><p style=\"text-align: right\">Anschlussplan f\u00fcr\u00a0ACE-MA85-X54W Version: A<\/p>\n<\/div><\/div><\/div><\/div><div class=\"wpb_column vc_column_container\"><div class=\"vc_column-inner\"><div class=\"w-btn-wrapper align_none\"><a class=\"w-btn us-btn-style_1 us_custom_db441812\" href=\"http:\/\/maru-labs.com\/wp-content\/uploads\/2017\/02\/ACE_MA85-X54W_Vers_A_Anschlussplan.pdf\"><span class=\"w-btn-label\">DOWNLOAD<\/span><\/a><\/div><\/div><\/div><\/div><\/div><\/section><section class=\"l-section wpb_row height_auto\"><div class=\"l-section-h i-cf\"><div class=\"g-cols via_grid cols_2 laptops-cols_inherit tablets-cols_inherit mobiles-cols_1 valign_top type_default\"><div class=\"wpb_column vc_column_container\"><div class=\"vc_column-inner\"><div class=\"w-separator size_custom\" style=\"height:14px\"><\/div><div class=\"wpb_text_column\"><div class=\"wpb_wrapper\"><p style=\"text-align: right\">Anschlussplan f\u00fcr\u00a0Motogadget Mini\/Multiview<\/p>\n<\/div><\/div><\/div><\/div><div class=\"wpb_column vc_column_container\"><div class=\"vc_column-inner\"><div class=\"w-btn-wrapper align_none\"><a class=\"w-btn us-btn-style_1 us_custom_db441812\" href=\"http:\/\/maru-labs.com\/wp-content\/uploads\/2016\/11\/Anschlussplan-Motogadget-MiniMultiview.pdf\"><span class=\"w-btn-label\">DOWNLOAD<\/span><\/a><\/div><\/div><\/div><\/div><\/div><\/section><section class=\"l-section wpb_row height_auto\"><div class=\"l-section-h i-cf\"><div class=\"g-cols via_grid cols_2 laptops-cols_inherit tablets-cols_inherit mobiles-cols_1 valign_top type_default\"><div class=\"wpb_column vc_column_container\"><div class=\"vc_column-inner\"><div class=\"w-separator size_custom\" style=\"height:14px\"><\/div><div class=\"wpb_text_column\"><div class=\"wpb_wrapper\"><p style=\"text-align: right\">Anschlussplan f\u00fcr\u00a0Motogadget\u00a0Activeview\/Motosign Mini<\/p>\n<\/div><\/div><\/div><\/div><div class=\"wpb_column vc_column_container\"><div class=\"vc_column-inner\"><div class=\"w-btn-wrapper align_none\"><a class=\"w-btn us-btn-style_1 us_custom_db441812\" href=\"http:\/\/maru-labs.com\/wp-content\/uploads\/2016\/11\/Anschlussplan-Motogadget-Motosign-MiniActiveview.pdf\"><span class=\"w-btn-label\">DOWNLOAD<\/span><\/a><\/div><\/div><\/div><\/div><\/div><\/section><section class=\"l-section wpb_row height_medium\"><div class=\"l-section-h i-cf\"><div class=\"g-cols via_grid cols_1 laptops-cols_inherit tablets-cols_inherit mobiles-cols_1 valign_top type_default\"><div class=\"wpb_column vc_column_container\"><div class=\"vc_column-inner\"><div class=\"wpb_text_column\"><div class=\"wpb_wrapper\"><\/div><\/div><\/div><\/div><\/div><\/div><\/section>\n","protected":false},"excerpt":{"rendered":"Die Betriebsanleitung der BEP3.0 findet Ihr hier: DOWNLOADDie genauen Abmessungen der BEP3.0 findet Ihr hier: DOWNLOADDen Anschlussplan der BEP3.0 findet Ihr hier: DOWNLOADAnpassung (verlangsamung) der Blinkfrequenz: DOWNLOADAnschlussplan f\u00fcr T&amp;T 10036500 DOWNLOADAnschlussplan f\u00fcr T&amp;T 10034806 DOWNLOADAnschlussplan f\u00fcr T&amp;T 10034907 DOWNLOADAnschlussplan f\u00fcr\u00a0ACE-4X53H-XX Version: A DOWNLOADAnschlussplan f\u00fcr\u00a0ACE-MA85-X54W Version: A DOWNLOADAnschlussplan f\u00fcr\u00a0Motogadget Mini\/Multiview DOWNLOADAnschlussplan f\u00fcr\u00a0Motogadget\u00a0Activeview\/Motosign Mini DOWNLOAD","protected":false},"author":1,"featured_media":0,"parent":0,"menu_order":0,"comment_status":"closed","ping_status":"closed","template":"","meta":[],"_links":{"self":[{"href":"https:\/\/maru-labs.com\/en\/wp-json\/wp\/v2\/pages\/115"}],"collection":[{"href":"https:\/\/maru-labs.com\/en\/wp-json\/wp\/v2\/pages"}],"about":[{"href":"https:\/\/maru-labs.com\/en\/wp-json\/wp\/v2\/types\/page"}],"author":[{"embeddable":true,"href":"https:\/\/maru-labs.com\/en\/wp-json\/wp\/v2\/users\/1"}],"replies":[{"embeddable":true,"href":"https:\/\/maru-labs.com\/en\/wp-json\/wp\/v2\/comments?post=115"}],"version-history":[{"count":10,"href":"https:\/\/maru-labs.com\/en\/wp-json\/wp\/v2\/pages\/115\/revisions"}],"predecessor-version":[{"id":1461,"href":"https:\/\/maru-labs.com\/en\/wp-json\/wp\/v2\/pages\/115\/revisions\/1461"}],"wp:attachment":[{"href":"https:\/\/maru-labs.com\/en\/wp-json\/wp\/v2\/media?parent=115"}],"curies":[{"name":"wp","href":"https:\/\/api.w.org\/{rel}","templated":true}]}}